{"id":3278,"date":"2019-02-28T06:16:54","date_gmt":"2019-02-28T06:16:54","guid":{"rendered":"https:\/\/pcrypt.com\/?page_id=3278"},"modified":"2020-09-15T08:22:01","modified_gmt":"2020-09-15T08:22:01","slug":"password-styrketester","status":"publish","type":"page","link":"https:\/\/pcrypt.com\/web\/da\/password-styrketester\/","title":{"rendered":"Adgangskodestyrketester"},"content":{"rendered":"<div class=\"wpb-content-wrapper\"><p>[vc_row][vc_column css=&#8221;.vc_custom_1551310568968{margin-top: 0px !important;padding-top: 0px !important;}&#8221;][vc_row_inner el_class=&#8221;white-texts&#8221;][vc_column_inner el_class=&#8221;password_tool_wrapper_class&#8221;][vc_column_text css=&#8221;.vc_custom_1600158117089{padding-top: 3rem !important;padding-right: 3rem !important;padding-bottom: 0px !important;padding-left: 3rem !important;}&#8221;]<\/p>\n<h1 style=\"text-align: center;\">Tjek hvor st\u00e6rk dit password er<\/h1>\n<h4 style=\"text-align: center;\">Med dette v\u00e6rkt\u00f8j kan du teste din nuv\u00e6rende adgangskode, samt pr\u00f8ve nye ideer til adgangskoder for at se hvor st\u00e6rke de er, samt f\u00e5 en ide over hvor l\u00e6nge det ville tage en computer at kn\u00e6kke.<\/h4>\n<p>[\/vc_column_text][\/vc_column_inner][\/vc_row_inner][vc_row_inner][vc_column_inner][vc_raw_html css=&#8221;.vc_custom_1551344881599{padding-right: 0px !important;padding-bottom: 0px !important;padding-left: 0px !important;}&#8221;]JTNDaW5wdXQlMjBpZCUzRCUyMnBhc3N3b3JkX2hzaW1wJTIyJTIwYXV0b2ZpbGwlM0QlMjJvZmYlMjIlMjBhdXRvY29tcGxldGUlM0QlMjJvZmYlMjIlMjBhdXRvY29ycmVjdCUzRCUyMm9mZiUyMiUyMGF1dG9jYXBpdGFsaXplJTNEJTIyb2ZmJTIyJTIwc3BlbGxjaGVjayUzRCUyMmZhbHNlJTIyJTIwcGxhY2Vob2xkZXIlM0QlMjJFbnRlciUyMHBhc3N3b3JkJTIyJTIwdHlwZSUzRCUyMnBhc3N3b3JkJTIyJTIwY2xhc3MlM0QlMjJwYXNzd29yZC1pbnB1dCUyMiUzRQ==[\/vc_raw_html][\/vc_column_inner][\/vc_row_inner][vc_row_inner el_class=&#8221;white-texts&#8221;][vc_column_inner width=&#8221;1\/12&#8243;][\/vc_column_inner][vc_column_inner width=&#8221;10\/12&#8243;][vc_column_text]<\/p>\n<h6 style=\"text-align: center; font-size: 0.75em; line-height: 1.75em;\">Denne side er til uddannelsesm\u00e6ssig brug. P\u00e5 grund af begr\u00e6nsninger af den involverede teknologi kan resultaterne ikke altid v\u00e6re korrekte. Dit kodeord vil ikke blive sendt via internettet, og vi indsamler eller gemmer ikke adgangskoder, som du indtaster.<\/h6>\n<p>[\/vc_column_text][\/vc_column_inner][vc_column_inner width=&#8221;1\/12&#8243;][\/vc_column_inner][\/vc_row_inner][\/vc_column][\/vc_row]<\/p>\n<\/div>","protected":false},"excerpt":{"rendered":"<p>[vc_row][vc_column css=&#8221;.vc_custom_1551310568968{margin-top: 0px !important;padding-top: 0px !important;}&#8221;][vc_row_inner el_class=&#8221;white-texts&#8221;][vc_column_inner el_class=&#8221;password_tool_wrapper_class&#8221;][vc_column_text css=&#8221;.vc_custom_1600158117089{padding-top: 3rem !important;padding-right: 3rem !important;padding-bottom: 0px !important;padding-left: 3rem !important;}&#8221;] Tjek hvor st\u00e6rk dit password er Med dette v\u00e6rkt\u00f8j kan du teste din nuv\u00e6rende adgangskode, samt pr\u00f8ve nye ideer til adgangskoder for at se hvor st\u00e6rke de er, samt f\u00e5 en ide over hvor l\u00e6nge det ville tage&hellip;<\/p>\n","protected":false},"author":4,"featured_media":0,"parent":0,"menu_order":0,"comment_status":"closed","ping_status":"closed","template":"","meta":[],"class_list":["post-3278","page","type-page","status-publish","hentry","description-off"],"_links":{"self":[{"href":"https:\/\/pcrypt.com\/web\/da\/wp-json\/wp\/v2\/pages\/3278","targetHints":{"allow":["GET"]}}],"collection":[{"href":"https:\/\/pcrypt.com\/web\/da\/wp-json\/wp\/v2\/pages"}],"about":[{"href":"https:\/\/pcrypt.com\/web\/da\/wp-json\/wp\/v2\/types\/page"}],"author":[{"embeddable":true,"href":"https:\/\/pcrypt.com\/web\/da\/wp-json\/wp\/v2\/users\/4"}],"replies":[{"embeddable":true,"href":"https:\/\/pcrypt.com\/web\/da\/wp-json\/wp\/v2\/comments?post=3278"}],"version-history":[{"count":1,"href":"https:\/\/pcrypt.com\/web\/da\/wp-json\/wp\/v2\/pages\/3278\/revisions"}],"predecessor-version":[{"id":3621,"href":"https:\/\/pcrypt.com\/web\/da\/wp-json\/wp\/v2\/pages\/3278\/revisions\/3621"}],"wp:attachment":[{"href":"https:\/\/pcrypt.com\/web\/da\/wp-json\/wp\/v2\/media?parent=3278"}],"curies":[{"name":"wp","href":"https:\/\/api.w.org\/{rel}","templated":true}]}}