{"id":2136,"date":"2018-02-19T16:55:03","date_gmt":"2018-02-19T16:55:03","guid":{"rendered":"https:\/\/pcrypt.com\/?page_id=2136"},"modified":"2020-09-15T08:13:27","modified_gmt":"2020-09-15T08:13:27","slug":"whitepaper","status":"publish","type":"page","link":"https:\/\/pcrypt.com\/web\/da\/whitepaper\/","title":{"rendered":"Whitepaper"},"content":{"rendered":"<div class=\"wpb-content-wrapper\"><p>[vc_row][vc_column][vc_column_text]<\/p>\n<h1>INFORMATION<\/h1>\n<p>Password Crypt er skabt til at h\u00e5ndtere og dele adgangskoder. Adgangskoder til dine e-mails, andre hjemmesider, p\u00e5 arbejdet eller noget helt andet privat. Det er gratis at benytte dette system som privat person. Du skal kun huske en adgangskode for at have nem og hurtig adgang til alle dine andre adgangskoder. Ved design af Password Crypt har der v\u00e6ret ekstrem fokus p\u00e5 sikkerhed og beskyttelse af privat livets fred. Vi har arbejdet h\u00e5rdt p\u00e5 at sikre, at dine data er private og kun kan kontrolleres af dig. Samtidigt har det v\u00e6ret en h\u00f8j prioritet at skabe et system der er nemt at anvende.<\/p>\n<h4>HVORLEDES VIRKER DET<\/h4>\n<p>Data du indtaster er krypteret og dekrypteret med Javascript i din egen browser. Resultatet er, at kun krypteret data bliver sendt ud p\u00e5 internettet til og fra serveren. Kryptering foreg\u00e5r med standarderne <a href=\"https:\/\/en.wikipedia.org\/wiki\/Elliptic_curve_cryptography\" target=\"_blank\" rel=\"noopener noreferrer\">ECC<\/a>\u00a0og\u00a0<a href=\"http:\/\/en.wikipedia.org\/wiki\/Advanced_Encryption_Standard\" target=\"_blank\" rel=\"noopener noreferrer\">AES<\/a> i 256 bit tilstand inden i din browser (p\u00e5 din egen PC). Hovedadgangskoden som du indtaster ved login er aldrig sendt over internettet. Hovedadgangskoden er kun gemt i din browser s\u00e5 l\u00e6nge vinduet er \u00e5bent og du er logget ind. Dette er ikke tilf\u00e6ldet med andre online adgangskode systemer hvor kryptering foreg\u00e5r p\u00e5 serveren hvorfor adgangskoden m\u00e5 overf\u00f8res til serveren. For at g\u00f8re et s\u00e5dan system sikkert skal internet kommunikation foreg\u00e5 over <a href=\"http:\/\/en.wikipedia.org\/wiki\/HTTP_Secure\" target=\"_blank\" rel=\"noopener noreferrer\">SSL<\/a> forbindelser (https) og du skal have tillid til at udbyderen aldrig vil l\u00e6se dine data. Alle disse problemer er forbi med Password Crypt, fordi behandling af data foreg\u00e5r i browseren. Hvis du glemmer dit brugernavn eller adgangskode vil dine data v\u00e6re tabt. Det er ikke muligt for os at sende login data til dig eller nulstille din adgangskode.<\/p>\n<h4>SIKKERHED<\/h4>\n<p>Ingen ved hvor sikkert dette er &#8211; men vi har s\u00e5 meget tiltro til systemet, at vi gemmer vores egne adgangskoder til netbanken her. Hvis nogen p\u00e5 et tidspunkt bryder ECC og AES algoritmen eller vi har lavet fejl ved skabelsen af systemet &#8211; vil der selvf\u00f8lgelig v\u00e6re en sikkerhedsrisiko. Hvis nogen har installeret en modificeret browser eller en s\u00e5kaldt &#8220;key logger&#8221; p\u00e5 din PC vil de have muligheden for at kunne se dine adgangskoder &#8211; men kun dine adgangskoder! Det er muligt for alle at unders\u00f8ge sikkerheden og beskyttelsen af privat livets fred ved at genneml\u00e6se kildekoden for dette system i din egen browser. Password Crypt beh\u00f8ver ikke SSL forbindelser (https) for at v\u00e6re sikker, da alle data er krypteret i browseren f\u00f8r de kommer ud p\u00e5 internettet. Hovedadgangskoden kommer aldrig ud p\u00e5 internettet &#8211; den forbliver p\u00e5 din PC.<\/p>\n<h4>LICENS<\/h4>\n<p>Kernebibliotek Pcrypt er frigivet som Open Source (GNU General Public License &#8211; GPL) og ligeledes i en kommerciel version. Dette dobbelte licens system er valgt for at kunne tilfredsstille forskellige anvendelsesmuligheder. Hvis du vil anvende Pcrypt i et kommercielt projekt (ikke Open Source) skal du kontakte os. Standard v\u00e6rkt\u00f8jer som Javascript, PHP og MySQL er anvendt for at skabe det totale system. Kildekoden til Pcrypt er tilg\u00e6ngelig p\u00e5 <a href=\"https:\/\/github.com\/beastybeast\/pcrypt\" target=\"_blank\" rel=\"noopener noreferrer\">Github<\/a>. Du er velkommen til at kigge kildekoden for Password Crypt igennem i din browser for derved at f\u00e5 ideer til anvendelse af Pcrypt i dit eget projekt. Password Crypt er ikke Open Source, men gratis for privat anvendelse og mod betaling for kommerciel anvendelse.<\/p>\n<h4>HVORFOR?<\/h4>\n<p>Vi skabte Password Crypt af samme \u00e5rsag som s\u00e5 mange andre systemer er skabt &#8211; Vi var ikke tilfreds med det der eksisterede i forvejen. Password Crypt startede som et hobbyprojekt for selv at f\u00e5 et privat og sikkert system med gode import og eksport muligheder. Vi har arbejdet i korte og lange perioder med dette system i mere end 2 \u00e5r, f\u00f8r det blev frigivet til offentlig anvendelse. M\u00e5ske t\u00e6nker du &#8220;hvorfor ikke anvende min Google- eller Facebook-konto til at opn\u00e5 adgang?&#8221; Fordi de sporer hvorn\u00e5r og hvor du logger p\u00e5 og kan anvende og s\u00e6lge denne information.<\/p>\n<h4>KOMPATIBILITET<\/h4>\n<p>Password Crypt virker med de fleste browsere &#8211; ogs\u00e5 moderne mobiltelefoner. P\u00e5 grund af designet skal Javascript v\u00e6re sl\u00e5et til for at det virker. Password Crypt virker selvom cookie underst\u00f8ttelsen er sl\u00e5et fra. Det er muligt at lave en version i et andet sprog eller rette i teksten hvis du synes noget ikke er korrekt. Hvis du har brug for hj\u00e6lp, se venligst vores\u00a0<a href=\"https:\/\/pcrypt.org\/phpBB\/\" target=\"pcryptforum\" rel=\"noopener noreferrer\">forum<\/a>.<\/p>\n<h5>Med det stille h\u00e5b at du vil finde det brugbart&#8230;<\/h5>\n<p>Holdet bag Pcrypt,<\/p>\n<p>Benny Nissen, Amin Durani &amp; Raf Andersson[\/vc_column_text][\/vc_column][\/vc_row]<\/p>\n<\/div>","protected":false},"excerpt":{"rendered":"<p>[vc_row][vc_column][vc_column_text] INFORMATION Password Crypt er skabt til at h\u00e5ndtere og dele adgangskoder. Adgangskoder til dine e-mails, andre hjemmesider, p\u00e5 arbejdet eller noget helt andet privat. Det er gratis at benytte dette system som privat person. Du skal kun huske en adgangskode for at have nem og hurtig adgang til alle dine andre adgangskoder. Ved design&hellip;<\/p>\n","protected":false},"author":2,"featured_media":0,"parent":0,"menu_order":0,"comment_status":"closed","ping_status":"closed","template":"","meta":[],"class_list":["post-2136","page","type-page","status-publish","hentry","description-off"],"_links":{"self":[{"href":"https:\/\/pcrypt.com\/web\/da\/wp-json\/wp\/v2\/pages\/2136","targetHints":{"allow":["GET"]}}],"collection":[{"href":"https:\/\/pcrypt.com\/web\/da\/wp-json\/wp\/v2\/pages"}],"about":[{"href":"https:\/\/pcrypt.com\/web\/da\/wp-json\/wp\/v2\/types\/page"}],"author":[{"embeddable":true,"href":"https:\/\/pcrypt.com\/web\/da\/wp-json\/wp\/v2\/users\/2"}],"replies":[{"embeddable":true,"href":"https:\/\/pcrypt.com\/web\/da\/wp-json\/wp\/v2\/comments?post=2136"}],"version-history":[{"count":2,"href":"https:\/\/pcrypt.com\/web\/da\/wp-json\/wp\/v2\/pages\/2136\/revisions"}],"predecessor-version":[{"id":3620,"href":"https:\/\/pcrypt.com\/web\/da\/wp-json\/wp\/v2\/pages\/2136\/revisions\/3620"}],"wp:attachment":[{"href":"https:\/\/pcrypt.com\/web\/da\/wp-json\/wp\/v2\/media?parent=2136"}],"curies":[{"name":"wp","href":"https:\/\/api.w.org\/{rel}","templated":true}]}}