{"id":1801,"date":"2017-11-28T00:52:39","date_gmt":"2017-11-28T00:52:39","guid":{"rendered":"https:\/\/pcrypt.com\/pcrypt-partners\/"},"modified":"2020-12-17T20:48:57","modified_gmt":"2020-12-17T20:48:57","slug":"pcrypt-partners","status":"publish","type":"page","link":"https:\/\/pcrypt.com\/web\/da\/pcrypt-partners\/","title":{"rendered":"Vi elsker at samarbejde med seri\u00f8se og dygtige partnere"},"content":{"rendered":"<div class=\"wpb-content-wrapper\"><p>[vc_row css=&#8221;.vc_custom_1514329889223{padding-top: 70px !important;padding-right: 30px !important;padding-bottom: 70px !important;padding-left: 30px !important;background-image: url(https:\/\/pcrypt.com\/wp-content\/uploads\/2017\/12\/office-1209640_1920.jpg?id=1607) !important;background-position: center !important;background-repeat: no-repeat !important;background-size: cover !important;}&#8221; el_class=&#8221;cf-bg-pos&#8221;][vc_column][\/vc_column][\/vc_row][vc_row][vc_column width=&#8221;1\/2&#8243;][vc_column_text]<\/p>\n<h3>Vi vil gerne arbejde sammen med seri\u00f8se partnere<\/h3>\n<p>Hvis du \u00f8nsker dit eget tilpassede adgangskode manager system, arbejder vi sammen med IT firmaer, der typisk pakker det sammen med produkter som anti-virus og backup-systemer. Vi vil tilpasse Password Crypt og bruge dit logo og dom\u00e6nenavn.<\/p>\n<p>Det er ogs\u00e5 muligt at s\u00e6lge Password Crypt-installationer til slutkunder direkte. I alle tilf\u00e6lde kan Password Crypt tilpasses dine behov.<\/p>\n<p>Vi kan ops\u00e6tte Password Crypt i din infrastruktur, s\u00e5 du har fuld kontrol eller installeret den i vores egen cloud-l\u00f8sning.<\/p>\n<p>[\/vc_column_text][\/vc_column][vc_column width=&#8221;1\/2&#8243;]\n<div class=\"wpcf7 no-js\" id=\"wpcf7-f4220-o1\" lang=\"en-US\" dir=\"ltr\" data-wpcf7-id=\"4220\">\n<div class=\"screen-reader-response\"><p role=\"status\" aria-live=\"polite\" aria-atomic=\"true\"><\/p> <ul><\/ul><\/div>\n<form action=\"\/web\/da\/wp-json\/wp\/v2\/pages\/1801#wpcf7-f4220-o1\" method=\"post\" class=\"wpcf7-form init\" aria-label=\"Contact form\" novalidate=\"novalidate\" data-status=\"init\">\n<div style=\"display: none;\">\n<input type=\"hidden\" name=\"_wpcf7\" value=\"4220\" \/>\n<input type=\"hidden\" name=\"_wpcf7_version\" value=\"6.0.3\" \/>\n<input type=\"hidden\" name=\"_wpcf7_locale\" value=\"en_US\" \/>\n<input type=\"hidden\" name=\"_wpcf7_unit_tag\" value=\"wpcf7-f4220-o1\" \/>\n<input type=\"hidden\" name=\"_wpcf7_container_post\" value=\"0\" \/>\n<input type=\"hidden\" name=\"_wpcf7_posted_data_hash\" value=\"\" \/>\n<\/div>\n<p><span class=\"wpcf7-form-control-wrap\" data-name=\"text-254\"><input size=\"40\" maxlength=\"400\" class=\"wpcf7-form-control wpcf7-text wpcf7-validates-as-required\" aria-required=\"true\" aria-invalid=\"false\" placeholder=\"Name\" value=\"\" type=\"text\" name=\"text-254\" \/><\/span><br \/>\n<span class=\"wpcf7-form-control-wrap\" data-name=\"email-41\"><input size=\"40\" maxlength=\"400\" class=\"wpcf7-form-control wpcf7-email wpcf7-validates-as-required wpcf7-text wpcf7-validates-as-email\" aria-required=\"true\" aria-invalid=\"false\" placeholder=\"Email\" value=\"\" type=\"email\" name=\"email-41\" \/><\/span><br \/>\n<span class=\"wpcf7-form-control-wrap\" data-name=\"tel-633\"><input size=\"40\" maxlength=\"400\" class=\"wpcf7-form-control wpcf7-tel wpcf7-validates-as-required wpcf7-text wpcf7-validates-as-tel\" aria-required=\"true\" aria-invalid=\"false\" placeholder=\"Phone\" value=\"\" type=\"tel\" name=\"tel-633\" \/><\/span><br \/>\n<span class=\"wpcf7-form-control-wrap\" data-name=\"textarea-877\"><textarea cols=\"40\" rows=\"10\" maxlength=\"2000\" class=\"wpcf7-form-control wpcf7-textarea\" aria-invalid=\"false\" placeholder=\"Message\" name=\"textarea-877\"><\/textarea><\/span><br \/>\n<span id=\"wpcf7-69e94aa6798fa\" class=\"wpcf7-form-control-wrap trap1-wrap\" style=\"display:none !important; visibility:hidden !important;\"><label for=\"honeypot1\"  class=\"hp-message\">Please leave this field empty.<\/label><input id=\"honeypot1\" class=\"wpcf7-form-control wpcf7-text\"  type=\"text\" name=\"trap1\" value=\"\" size=\"40\" tabindex=\"-1\" autocomplete=\"nope\" \/><\/span><span id=\"wpcf7-69e94aa679945\" class=\"wpcf7-form-control-wrap trap2-wrap\" style=\"display:none !important; visibility:hidden !important;\"><label for=\"honeypot2\"  class=\"hp-message\">Please leave this field empty.<\/label><input id=\"honeypot2\" class=\"wpcf7-form-control wpcf7-text\"  type=\"text\" name=\"trap2\" value=\"\" size=\"40\" tabindex=\"-1\" autocomplete=\"nope\" \/><\/span>\n<\/p>\n<div id=\"cf7sr-69e94aa6799f5\" class=\"cf7sr-g-recaptcha\" data-theme=\"light\" data-type=\"image\" data-size=\"normal\" data-sitekey=\"6Lc_yokUAAAAAAyjMPosuOMnns9JvpyT9oUhLeol\"><\/div><span class=\"wpcf7-form-control-wrap cf7sr-recaptcha\" data-name=\"cf7sr-recaptcha\"><input type=\"hidden\" name=\"cf7sr-recaptcha\" value=\"\" class=\"wpcf7-form-control\"><\/span><br \/>\n<span id=\"wpcf7-69e94aa67997c-wrapper\" class=\"wpcf7-form-control-wrap honeypot-926-wrap\" style=\"display:none !important; visibility:hidden !important;\"><label for=\"wpcf7-69e94aa67997c-field\" class=\"hp-message\">Please leave this field empty.<\/label><input id=\"wpcf7-69e94aa67997c-field\"  class=\"wpcf7-form-control wpcf7-text\" type=\"text\" name=\"honeypot-926\" value=\"\" size=\"40\" tabindex=\"-1\" autocomplete=\"new-password\" \/><\/span><br \/>\n<input class=\"wpcf7-form-control wpcf7-submit has-spinner\" type=\"submit\" value=\"Send request\" \/>\n<\/p><p style=\"display: none !important;\" class=\"akismet-fields-container\" data-prefix=\"_wpcf7_ak_\"><label>&#916;<textarea name=\"_wpcf7_ak_hp_textarea\" cols=\"45\" rows=\"8\" maxlength=\"100\"><\/textarea><\/label><input type=\"hidden\" id=\"ak_js_1\" name=\"_wpcf7_ak_js\" value=\"213\"\/><script>document.getElementById( \"ak_js_1\" ).setAttribute( \"value\", ( new Date() ).getTime() );<\/script><\/p><div class=\"wpcf7-response-output\" aria-hidden=\"true\"><\/div>\n<\/form>\n<\/div>\n[\/vc_column][\/vc_row]<\/p>\n<\/div>","protected":false},"excerpt":{"rendered":"<p>[vc_row css=&#8221;.vc_custom_1514329889223{padding-top: 70px !important;padding-right: 30px !important;padding-bottom: 70px !important;padding-left: 30px !important;background-image: url(https:\/\/pcrypt.com\/wp-content\/uploads\/2017\/12\/office-1209640_1920.jpg?id=1607) !important;background-position: center !important;background-repeat: no-repeat !important;background-size: cover !important;}&#8221; el_class=&#8221;cf-bg-pos&#8221;][vc_column][\/vc_column][\/vc_row][vc_row][vc_column width=&#8221;1\/2&#8243;][vc_column_text] Vi vil gerne arbejde sammen med seri\u00f8se partnere Hvis du \u00f8nsker dit eget tilpassede adgangskode manager system, arbejder vi sammen med IT firmaer, der typisk pakker det sammen med produkter som anti-virus og backup-systemer. Vi&hellip;<\/p>\n","protected":false},"author":2,"featured_media":0,"parent":0,"menu_order":0,"comment_status":"closed","ping_status":"closed","template":"","meta":[],"class_list":["post-1801","page","type-page","status-publish","hentry","description-off"],"_links":{"self":[{"href":"https:\/\/pcrypt.com\/web\/da\/wp-json\/wp\/v2\/pages\/1801","targetHints":{"allow":["GET"]}}],"collection":[{"href":"https:\/\/pcrypt.com\/web\/da\/wp-json\/wp\/v2\/pages"}],"about":[{"href":"https:\/\/pcrypt.com\/web\/da\/wp-json\/wp\/v2\/types\/page"}],"author":[{"embeddable":true,"href":"https:\/\/pcrypt.com\/web\/da\/wp-json\/wp\/v2\/users\/2"}],"replies":[{"embeddable":true,"href":"https:\/\/pcrypt.com\/web\/da\/wp-json\/wp\/v2\/comments?post=1801"}],"version-history":[{"count":3,"href":"https:\/\/pcrypt.com\/web\/da\/wp-json\/wp\/v2\/pages\/1801\/revisions"}],"predecessor-version":[{"id":4331,"href":"https:\/\/pcrypt.com\/web\/da\/wp-json\/wp\/v2\/pages\/1801\/revisions\/4331"}],"wp:attachment":[{"href":"https:\/\/pcrypt.com\/web\/da\/wp-json\/wp\/v2\/media?parent=1801"}],"curies":[{"name":"wp","href":"https:\/\/api.w.org\/{rel}","templated":true}]}}