{"id":1798,"date":"2017-11-28T00:49:43","date_gmt":"2017-11-28T00:49:43","guid":{"rendered":"https:\/\/pcrypt.com\/integrations\/"},"modified":"2020-09-14T14:11:00","modified_gmt":"2020-09-14T14:11:00","slug":"integrations","status":"publish","type":"page","link":"https:\/\/pcrypt.com\/web\/da\/integrations\/","title":{"rendered":"Integrations"},"content":{"rendered":"<div class=\"wpb-content-wrapper\"><p>[vc_row][vc_column][vc_custom_heading text=&#8221;Integration kommer snarest&#8221; font_container=&#8221;tag:h1|text_align:center&#8221; use_theme_fonts=&#8221;yes&#8221;][\/vc_column][\/vc_row][vc_row][vc_column][vc_column_text]<\/p>\n<p style=\"text-align: center;\">Vi arbejder i \u00f8jeblikket p\u00e5 at lave integrationer med samarbejdspartnere og det vil l\u00f8bende blive pr\u00e6senteret her &#8211; gl\u00e6d dig!<br \/>\nDu kan foresp\u00f8rge p\u00e5 en integration ved at udfylde formularen her\u00a0<a href=\"https:\/\/pcrypt.com\/pcrypt-partners?lang=da\">https:\/\/pcrypt.com\/pcrypt-partners<\/a><\/p>\n<p>[\/vc_column_text][\/vc_column][\/vc_row]<\/p>\n<\/div>","protected":false},"excerpt":{"rendered":"<p>[vc_row][vc_column][vc_custom_heading text=&#8221;Integration kommer snarest&#8221; font_container=&#8221;tag:h1|text_align:center&#8221; use_theme_fonts=&#8221;yes&#8221;][\/vc_column][\/vc_row][vc_row][vc_column][vc_column_text] Vi arbejder i \u00f8jeblikket p\u00e5 at lave integrationer med samarbejdspartnere og det vil l\u00f8bende blive pr\u00e6senteret her &#8211; gl\u00e6d dig! Du kan foresp\u00f8rge p\u00e5 en integration ved at udfylde formularen her\u00a0https:\/\/pcrypt.com\/pcrypt-partners [\/vc_column_text][\/vc_column][\/vc_row]<\/p>\n","protected":false},"author":2,"featured_media":0,"parent":0,"menu_order":0,"comment_status":"closed","ping_status":"closed","template":"","meta":[],"class_list":["post-1798","page","type-page","status-publish","hentry","description-off"],"_links":{"self":[{"href":"https:\/\/pcrypt.com\/web\/da\/wp-json\/wp\/v2\/pages\/1798","targetHints":{"allow":["GET"]}}],"collection":[{"href":"https:\/\/pcrypt.com\/web\/da\/wp-json\/wp\/v2\/pages"}],"about":[{"href":"https:\/\/pcrypt.com\/web\/da\/wp-json\/wp\/v2\/types\/page"}],"author":[{"embeddable":true,"href":"https:\/\/pcrypt.com\/web\/da\/wp-json\/wp\/v2\/users\/2"}],"replies":[{"embeddable":true,"href":"https:\/\/pcrypt.com\/web\/da\/wp-json\/wp\/v2\/comments?post=1798"}],"version-history":[{"count":2,"href":"https:\/\/pcrypt.com\/web\/da\/wp-json\/wp\/v2\/pages\/1798\/revisions"}],"predecessor-version":[{"id":3616,"href":"https:\/\/pcrypt.com\/web\/da\/wp-json\/wp\/v2\/pages\/1798\/revisions\/3616"}],"wp:attachment":[{"href":"https:\/\/pcrypt.com\/web\/da\/wp-json\/wp\/v2\/media?parent=1798"}],"curies":[{"name":"wp","href":"https:\/\/api.w.org\/{rel}","templated":true}]}}