{"id":1797,"date":"2017-09-13T22:21:37","date_gmt":"2017-09-13T22:21:37","guid":{"rendered":"https:\/\/pcrypt.com\/faq\/"},"modified":"2020-09-14T12:39:36","modified_gmt":"2020-09-14T12:39:36","slug":"faq","status":"publish","type":"page","link":"https:\/\/pcrypt.com\/web\/da\/faq\/","title":{"rendered":"FAQ"},"content":{"rendered":"<div class=\"wpb-content-wrapper\"><p>[vc_row][vc_column][vc_toggle title=&#8221;Hvorfor skal jeg anvende en adgangskode manager?&#8221;]Mange mennesker har kun et par adgangskoder, som de bruger til alle deres online-konti som fx shopping, bank og sociale medier. De har kun f\u00e5 adgangskoder, fordi det er nemt at huske. Adgangskoderne er normalt ogs\u00e5 ret korte af samme \u00e5rsag.<\/p>\n<p>Problemet er at korte og enkle adgangskoder er nemme for hackere at finde. Hvis de finder bare \u00e9t af dine korte og enkle adgangskoder, ved du hvad de s\u00e5 g\u00f8r? De tester for at se, om det virker p\u00e5 andre online-konti, s\u00e5som din bankkonto eller din Facebook-konto. Hurtigt opn\u00e5r de adgang til et par af dine konti og kan for\u00e5rsage masser af kaos i dit online og offline liv.<\/p>\n<p>De bedste adgangskoder er lange og komplicerede. Fx:<\/p>\n<p>8Pzh6? W`4v, LEfi<\/p>\n<p>Selvom en hacker anvender speciel software til at finde denne type adgangskode, vil det tage hackeren flere \u00e5r at g\u00f8re det.<\/p>\n<p>Selvom du kunne huske ovenst\u00e5ende kodeord, ville du selvf\u00f8lgelig ikke skulle anvende det p\u00e5 mere end en konto. Det er vigtigt at bruge en unik adgangskode til hver konto, du har. Og derfor har du brug for en adgangskode manager; der automatisk gemmer dine adgangskoder og inds\u00e6tter den rette, n\u00e5r du skal logge p\u00e5 en online-konto.[\/vc_toggle][vc_toggle title=&#8221;Kan jeg ikke bare logge ind p\u00e5 websider med min Google- eller Facebookkonto?&#8221;]N\u00e5r du logger ind p\u00e5 andre websteder med din Google- eller Facebook-konto, er det \u00e9t mindre kodeord, som du skal huske. Men husk, at n\u00e5r du g\u00f8r dette, kan Google eller Facebook se hvilke websteder du logger ind p\u00e5, og dermed giver du dem adgang til din private adf\u00e6rd. Som et selskab eller en virksomhed b\u00f8r du ikke tillade, at Facebook eller Google administrerer dine adgangskoder.[\/vc_toggle][vc_toggle title=&#8221;Er det ikke risikabelt at gemme mine adgangskoder p\u00e5 internettet?&#8221;]Password Crypt beskytter din adgangskode data sikkert ved at kr\u00e6ve, at du indtaster en hovedadgangskode. Dette er adgangskoden, du indtaster i din browser for at logge ind p\u00e5 Password Crypt. Dette giver dig adgang til alle dine andre adgangskoder. Hovedadgangskoden forbliver i din browser og bruges til at kryptere\/dekryptere de eventuelle adgangskoder, der sendes via internettet (til kryptering og dekryptering bruger Password Crypt 256-bit standard AES eller ECC.).<\/p>\n<p><strong>Bem\u00e6rk<\/strong>: Hovedadgangskoden gemmes kun i din browser, s\u00e5 l\u00e6nge browservinduet er \u00e5bent, og du er logget ind p\u00e5 Password Crypt.<\/p>\n<p><strong>Vigtigt<\/strong>! Hvis du glemmer din Password Crypt hovedadgangskode, g\u00e5r alle dine data tabt. Der er ingen m\u00e5de hvorp\u00e5 Password Crypt-medarbejderne kan f\u00e5 adgang til dine data.[\/vc_toggle][vc_toggle title=&#8221;Er det ikke risikabelt at sende min hovedadgangskode information over internettet?&#8221;]N\u00e5r du logger ind p\u00e5 Password Crypt, anvender systemet Secure Remote Password-protokollen (SRP, version 6a) for at kontrollere, at du har den korrekte hovedadgangskode. Kerneprincippet for SRP er, at det<strong> ikke er n\u00f8dvendigt at sende din hovedadgangskode over internettet<\/strong>, n\u00e5r du logger ind p\u00e5 Password Crypt. I stedet er det, der sendes under login, en &#8220;n\u00f8gle&#8221;, der bruges til at bekr\u00e6fte, at du har den korrekte hovedadgangskode for at f\u00e5 adgang.[\/vc_toggle][vc_toggle title=&#8221;Hvad hvis Password Crypt bliver hacket?&#8221;]Der er to niveauer af bekymring at n\u00e6vne her. Den ene er sikkerheden for hjemmesideserveren, der er v\u00e6rt for programmeringskoden. Den anden er sikkerheden for adgangskodedatabasen.<\/p>\n<p>Med hensyn til sikkerheden p\u00e5 websitet er alle webservere s\u00e5rbare over for at blive hacket, selvom sv\u00e6rhedsgraden varierer afh\u00e6ngigt af, hvor meget sikkerhed der er blevet implementeret p\u00e5 serveren. Password Crypt er hostet p\u00e5 en server med et firma bag, der har gennemg\u00e5et forskellige certificeringer, inspektioner og revisioner for at sikre sine kunder fortrolighed og sikkerhed.<\/p>\n<p>Med hensyn til sikkerhed for data i adgangskode-databasen har vi designet Password Crypt med det h\u00f8jeste mulige sikkerhedsniveau. For at &#8220;bryde ind&#8221; og l\u00e6se i databasen skal angriberen have store, NSA-niveau computere, der ikke er tilg\u00e6ngelige for den almindelige cyberkriminelle. Muligheden for, at et s\u00e5dant angreb er vellykket, er meget llille. Vi er s\u00e5 sikre p\u00e5 sikkerheden i Password Crypts, at vi selv gemmer adgangskodeoplysninger om vores bankkonti i Password Crypt.[\/vc_toggle][vc_toggle title=&#8221;Jeg har allerede en adgangskode manager. Hvorfor skal jeg v\u00e6lge Password Crypt?&#8221;]Der er visse fordele ved at gemme dine adgangskoder i Password Crypt. For det f\u00f8rste kan du f\u00e5 adgang til dine adgangskoder, uanset hvor du er i verden. Hvis du rejser meget, eller har flere enheder hjemme og p\u00e5 arbejdet, er det meget fornuftigt at gemme dine adgangskoder online. For det andet ved at anvende Password Crypt online, kan vi tilbyde dig funktioner, som andre adgangskode managers ikke kan &#8211; s\u00e5som sikker teamadgang til adgangskode og krypterede beskeder.<br \/>\n<a href=\"https:\/\/pcrypt.com\/da\/hvorfor-vaelge-password-crypt\/\">Se vores sammenligningstabel her<\/a>[\/vc_toggle][vc_toggle title=&#8221;Hvad skal jeg g\u00f8re for at anvende Password Crypt?&#8221;]Password Crypt virker i din standard browser ved hj\u00e6lp af Javascript-teknologi. De fleste browsere k\u00f8rer Javascript som standard, men hvis du ikke er sikker, kan du tjekke dine browserindstillinger for at se om Javascript er aktiveret.<\/p>\n<p>N\u00e5r du er sikker p\u00e5 at Javascript er aktiveret, kan du g\u00e5 til Password Crypt-webstedet og oprette en konto: <a href=\"https:\/\/www.pcrypt.org?register\">https:\/\/www.pcrypt.org?register<\/a>.<\/p>\n<p>N\u00e5r du er klar til at anvende Password Crypt for at logge ind p\u00e5 websteder, kan du installere Password Crypt browserudvidelsen (ogs\u00e5 kaldet &#8220;add-on&#8221;). Installations link finder du nederst p\u00e5 forsiden.<\/p>\n<p>Ligeledes findes der en mobiludgave til din telefon.[\/vc_toggle][\/vc_column][\/vc_row]<\/p>\n<\/div>","protected":false},"excerpt":{"rendered":"<p>[vc_row][vc_column][vc_toggle title=&#8221;Hvorfor skal jeg anvende en adgangskode manager?&#8221;]Mange mennesker har kun et par adgangskoder, som de bruger til alle deres online-konti som fx shopping, bank og sociale medier. De har kun f\u00e5 adgangskoder, fordi det er nemt at huske. Adgangskoderne er normalt ogs\u00e5 ret korte af samme \u00e5rsag. Problemet er at korte og enkle adgangskoder&hellip;<\/p>\n","protected":false},"author":2,"featured_media":0,"parent":0,"menu_order":0,"comment_status":"closed","ping_status":"closed","template":"","meta":[],"class_list":["post-1797","page","type-page","status-publish","hentry","description-off"],"_links":{"self":[{"href":"https:\/\/pcrypt.com\/web\/da\/wp-json\/wp\/v2\/pages\/1797","targetHints":{"allow":["GET"]}}],"collection":[{"href":"https:\/\/pcrypt.com\/web\/da\/wp-json\/wp\/v2\/pages"}],"about":[{"href":"https:\/\/pcrypt.com\/web\/da\/wp-json\/wp\/v2\/types\/page"}],"author":[{"embeddable":true,"href":"https:\/\/pcrypt.com\/web\/da\/wp-json\/wp\/v2\/users\/2"}],"replies":[{"embeddable":true,"href":"https:\/\/pcrypt.com\/web\/da\/wp-json\/wp\/v2\/comments?post=1797"}],"version-history":[{"count":11,"href":"https:\/\/pcrypt.com\/web\/da\/wp-json\/wp\/v2\/pages\/1797\/revisions"}],"predecessor-version":[{"id":3603,"href":"https:\/\/pcrypt.com\/web\/da\/wp-json\/wp\/v2\/pages\/1797\/revisions\/3603"}],"wp:attachment":[{"href":"https:\/\/pcrypt.com\/web\/da\/wp-json\/wp\/v2\/media?parent=1797"}],"curies":[{"name":"wp","href":"https:\/\/api.w.org\/{rel}","templated":true}]}}