{"id":1792,"date":"2017-12-26T23:13:20","date_gmt":"2017-12-26T23:13:20","guid":{"rendered":"https:\/\/pcrypt.com\/security-report\/"},"modified":"2019-04-23T15:55:38","modified_gmt":"2019-04-23T15:55:38","slug":"security-report","status":"publish","type":"page","link":"https:\/\/pcrypt.com\/web\/da\/security-report\/","title":{"rendered":"Sikkerhedsrapport"},"content":{"rendered":"<div class=\"wpb-content-wrapper\"><p>[vc_row][vc_column width=&#8221;1\/2&#8243;][vc_column_text]<strong>Sikkerhedsrapport<\/strong><\/p>\n<p><strong>Din sikkerhed er vores bekymring, derfor har vi brugt m\u00e5neder med en f\u00f8rende sikkerheds- og softwareinstitution for at sikre, at hver eneste del i Password Crypt-systemet er sikkert.<\/strong><\/p>\n<p>Gennemgangen er blevet gennemf\u00f8rt ved prim\u00e6rt at unders\u00f8ge kildekoden for backend og sekund\u00e6rt klientapplikationerne og ved en penetrationstest af en testops\u00e6tning fra Password Crypt teamet. Fokus p\u00e5 backend-systemet sikrer en h\u00f8j grad af sikkerhed for hele systemet, idet backend vil v\u00e6re\u00a0robust mod en evt. ondsindet klient, og hvis en enkelt klient er kompromitteret, er det kun data, der befinder sig hos den klient der kan v\u00e6re i fare.&#8221;<\/p>\n<p><a class=\"cf-btn\" href=\"https:\/\/pcrypt.com\/wp-content\/uploads\/2017\/11\/one-pager.pdf\" target=\"_blank\" rel=\"noopener noreferrer\">L\u00e6s rapporten her<\/a><\/p>\n<p><strong>Om\u00a0<a href=\"https:\/\/alexandra.dk\/\">Alexandra Instituttet<\/a><\/strong><\/p>\n<p><em>Vi hj\u00e6lper offentlige og private virksomheder med at anvende den nyeste it-forskning og -teknologi.<\/em><\/p>\n<p><em>Vi er en almennyttig virksomhed, der skaber v\u00e6kst og velf\u00e6rd i Danmark gennem it-baserede produkter og services.<\/em><\/p>\n<p>Alexandra Instituttet A\/S<br \/>\nIT-byen Katrinebjerg<br \/>\n\u00c5bogade 34<br \/>\n8200 Aarhus N<br \/>\n+45 70 27 70 12[\/vc_column_text][\/vc_column][vc_column width=&#8221;1\/2&#8243;][vc_single_image image=&#8221;1612&#8243; img_size=&#8221;large&#8221; alignment=&#8221;right&#8221; onclick=&#8221;zoom&#8221;][\/vc_column][\/vc_row]<\/p>\n<\/div>","protected":false},"excerpt":{"rendered":"<p>[vc_row][vc_column width=&#8221;1\/2&#8243;][vc_column_text]Sikkerhedsrapport Din sikkerhed er vores bekymring, derfor har vi brugt m\u00e5neder med en f\u00f8rende sikkerheds- og softwareinstitution for at sikre, at hver eneste del i Password Crypt-systemet er sikkert. Gennemgangen er blevet gennemf\u00f8rt ved prim\u00e6rt at unders\u00f8ge kildekoden for backend og sekund\u00e6rt klientapplikationerne og ved en penetrationstest af en testops\u00e6tning fra Password Crypt teamet.&hellip;<\/p>\n","protected":false},"author":2,"featured_media":0,"parent":0,"menu_order":0,"comment_status":"closed","ping_status":"closed","template":"","meta":[],"class_list":["post-1792","page","type-page","status-publish","hentry","description-off"],"_links":{"self":[{"href":"https:\/\/pcrypt.com\/web\/da\/wp-json\/wp\/v2\/pages\/1792","targetHints":{"allow":["GET"]}}],"collection":[{"href":"https:\/\/pcrypt.com\/web\/da\/wp-json\/wp\/v2\/pages"}],"about":[{"href":"https:\/\/pcrypt.com\/web\/da\/wp-json\/wp\/v2\/types\/page"}],"author":[{"embeddable":true,"href":"https:\/\/pcrypt.com\/web\/da\/wp-json\/wp\/v2\/users\/2"}],"replies":[{"embeddable":true,"href":"https:\/\/pcrypt.com\/web\/da\/wp-json\/wp\/v2\/comments?post=1792"}],"version-history":[{"count":1,"href":"https:\/\/pcrypt.com\/web\/da\/wp-json\/wp\/v2\/pages\/1792\/revisions"}],"predecessor-version":[{"id":3451,"href":"https:\/\/pcrypt.com\/web\/da\/wp-json\/wp\/v2\/pages\/1792\/revisions\/3451"}],"wp:attachment":[{"href":"https:\/\/pcrypt.com\/web\/da\/wp-json\/wp\/v2\/media?parent=1792"}],"curies":[{"name":"wp","href":"https:\/\/api.w.org\/{rel}","templated":true}]}}