{"id":1783,"date":"2017-11-28T00:31:34","date_gmt":"2017-11-28T00:31:34","guid":{"rendered":"https:\/\/pcrypt.com\/certificates\/"},"modified":"2019-04-23T15:36:21","modified_gmt":"2019-04-23T15:36:21","slug":"certificates","status":"publish","type":"page","link":"https:\/\/pcrypt.com\/web\/da\/certificates\/","title":{"rendered":"Certifikater"},"content":{"rendered":"<div class=\"wpb-content-wrapper\"><p>[vc_row][vc_column][vc_column_text]<\/p>\n<p style=\"text-align: center;\">Password Crypt bruger state of the art teknologi til at sikre \u200b\u200bdine data. Nedenfor er nogle af de anvendte teknologier og de standarder, vi underst\u00f8tter. Password Crypt er lavet p\u00e5 en s\u00e5dan m\u00e5de, at teknologier hurtigt kan udskiftes, hvis der opdages et sikkerhedsproblem.<\/p>\n<p>[\/vc_column_text][\/vc_column][\/vc_row][vc_row][vc_column width=&#8221;1\/3&#8243;][vc_column_text]<\/p>\n<div class=\"cf-brands\">\n<p><a href=\"https:\/\/en.wikipedia.org\/wiki\/Advanced_Encryption_Standard\" target=\"_blank\" rel=\"noopener noreferrer\"><img decoding=\"async\" class=\"aligncenter\" src=\"\/wp-content\/uploads\/2017\/03\/1-2.jpg\" \/><\/a><\/p>\n<p style=\"text-align: center;\">Den avancerede krypteringsstandard (AES), der ogs\u00e5 er kendt under sit oprindelige navn Rijndael, er en specifikation for kryptering af elektroniske data, der blev oprettet af det amerikanske nationale institut for standarder og teknologi (NIST) i 2001. Alt personlig kryptering i Password Crypt anvender denne teknologi.<\/p>\n<\/div>\n<p>[\/vc_column_text][\/vc_column][vc_column width=&#8221;1\/3&#8243;][vc_column_text]<\/p>\n<div class=\"cf-brands\">\n<p><a href=\"https:\/\/en.wikipedia.org\/wiki\/SSL\" target=\"_blank\" rel=\"noopener noreferrer\"><img decoding=\"async\" class=\"aligncenter\" src=\"\/wp-content\/uploads\/2017\/03\/2-2.jpg\" \/><\/a><\/p>\n<p style=\"text-align: center;\">Det meste SSL-kommunikation mellem en webbrowser og en webserver (https) anvender elliptisk kurvekryptografi (ECC). Password Crypt anvender den samme teknologi til at dele data mellem forskellige brugere. Password Crypt anvender certifikater fra LetsEncrypt for at sikre, at du er forbundet til den korrekte webserver og sikker kryptering er p\u00e5 plads. Se en test her: <a href=\"https:\/\/www.ssllabs.com\/ssltest\/analyze.html?d=pcrypt.org\">SSL Sikkerheds Test<\/a><\/p>\n<\/div>\n<p>[\/vc_column_text][\/vc_column][vc_column width=&#8221;1\/3&#8243;][vc_column_text]<\/p>\n<div class=\"cf-brands\">\n<p><a href=\"https:\/\/www.owasp.org\/index.php\/Main_Page\" target=\"_blank\" rel=\"noopener noreferrer\"><img decoding=\"async\" class=\"aligncenter\" src=\"\/wp-content\/uploads\/2017\/03\/3-1.jpg\" \/><\/a><\/p>\n<p style=\"text-align: center;\">Enhver levende teknologi har brug for en upartisk kilde til information om bedste praksis samt et aktivt organ, der promoverer den \u00e5bne standard. En af \u200b\u200bdisse grupper er Open Web Application Security Project (eller OWASP for kort). Alexandra Institut ved Aarhus Universitet i Danmark har lavet en kildekode gennemgang af Password Crypt for underst\u00f8ttelse af OWASP retningslinjer. Se et resum\u00e9 her: <a href=\"https:\/\/pcrypt.com\/wp-content\/uploads\/2017\/11\/one-pager.pdf\">Sikkerhedsrapport<\/a><\/p>\n<\/div>\n<p>[\/vc_column_text][\/vc_column][\/vc_row]<\/p>\n<\/div>","protected":false},"excerpt":{"rendered":"<p>[vc_row][vc_column][vc_column_text] Password Crypt bruger state of the art teknologi til at sikre \u200b\u200bdine data. Nedenfor er nogle af de anvendte teknologier og de standarder, vi underst\u00f8tter. Password Crypt er lavet p\u00e5 en s\u00e5dan m\u00e5de, at teknologier hurtigt kan udskiftes, hvis der opdages et sikkerhedsproblem. [\/vc_column_text][\/vc_column][\/vc_row][vc_row][vc_column width=&#8221;1\/3&#8243;][vc_column_text] Den avancerede krypteringsstandard (AES), der ogs\u00e5 er kendt under&hellip;<\/p>\n","protected":false},"author":2,"featured_media":0,"parent":0,"menu_order":0,"comment_status":"closed","ping_status":"closed","template":"","meta":[],"class_list":["post-1783","page","type-page","status-publish","hentry","description-off"],"_links":{"self":[{"href":"https:\/\/pcrypt.com\/web\/da\/wp-json\/wp\/v2\/pages\/1783","targetHints":{"allow":["GET"]}}],"collection":[{"href":"https:\/\/pcrypt.com\/web\/da\/wp-json\/wp\/v2\/pages"}],"about":[{"href":"https:\/\/pcrypt.com\/web\/da\/wp-json\/wp\/v2\/types\/page"}],"author":[{"embeddable":true,"href":"https:\/\/pcrypt.com\/web\/da\/wp-json\/wp\/v2\/users\/2"}],"replies":[{"embeddable":true,"href":"https:\/\/pcrypt.com\/web\/da\/wp-json\/wp\/v2\/comments?post=1783"}],"version-history":[{"count":1,"href":"https:\/\/pcrypt.com\/web\/da\/wp-json\/wp\/v2\/pages\/1783\/revisions"}],"predecessor-version":[{"id":3437,"href":"https:\/\/pcrypt.com\/web\/da\/wp-json\/wp\/v2\/pages\/1783\/revisions\/3437"}],"wp:attachment":[{"href":"https:\/\/pcrypt.com\/web\/da\/wp-json\/wp\/v2\/media?parent=1783"}],"curies":[{"name":"wp","href":"https:\/\/api.w.org\/{rel}","templated":true}]}}