{"id":1764,"date":"2017-11-26T02:39:29","date_gmt":"2017-11-26T02:39:29","guid":{"rendered":"https:\/\/pcrypt.com\/jobs\/"},"modified":"2020-05-11T15:00:29","modified_gmt":"2020-05-11T15:00:29","slug":"jobs","status":"publish","type":"page","link":"https:\/\/pcrypt.com\/web\/da\/jobs\/","title":{"rendered":"Jobs"},"content":{"rendered":"<div class=\"wpb-content-wrapper\"><p>[vc_row][vc_column]<div id=\"ultimate-heading-498769e933b305698\" class=\"uvc-heading ult-adjust-bottom-margin ultimate-heading-498769e933b305698 uvc-8470 \" data-hspacer=\"no_spacer\"  data-halign=\"center\" style=\"text-align:center\"><div class=\"uvc-heading-spacer no_spacer\" style=\"top\"><\/div><div class=\"uvc-main-heading ult-responsive\"  data-ultimate-target='.uvc-heading.ultimate-heading-498769e933b305698 h2'  data-responsive-json-new='{\"font-size\":\"\",\"line-height\":\"\"}' ><h2 style=\"font-weight:normal;\">Vi er altid modtagelige for skarpe ans\u00f8gere, som tror p\u00e5 produktet og mener de kan g\u00f8re en forskel i den positive retning.<\/h2><\/div><\/div>[\/vc_column][\/vc_row][vc_row][vc_column][vc_btn title=&#8221;Kontakt os&#8221; color=&#8221;primary&#8221; align=&#8221;center&#8221; css=&#8221;.vc_custom_1589209150095{margin-top: 50px !important;padding-right: 25px !important;padding-left: 25px !important;}&#8221; link=&#8221;url:https%3A%2F%2Fpcrypt.org%2F%3Fpage%3Dcontact%26language%3Dda|title:Kontakt%20os|target:%20_blank|&#8221;][\/vc_column][\/vc_row]<\/p>\n<\/div>","protected":false},"excerpt":{"rendered":"<p>[vc_row][vc_column][\/vc_column][\/vc_row][vc_row][vc_column][vc_btn title=&#8221;Kontakt os&#8221; color=&#8221;primary&#8221; align=&#8221;center&#8221; css=&#8221;.vc_custom_1589209150095{margin-top: 50px !important;padding-right: 25px !important;padding-left: 25px !important;}&#8221; link=&#8221;url:https%3A%2F%2Fpcrypt.org%2F%3Fpage%3Dcontact%26language%3Dda|title:Kontakt%20os|target:%20_blank|&#8221;][\/vc_column][\/vc_row]<\/p>\n","protected":false},"author":2,"featured_media":0,"parent":0,"menu_order":0,"comment_status":"closed","ping_status":"closed","template":"","meta":[],"class_list":["post-1764","page","type-page","status-publish","hentry","description-off"],"_links":{"self":[{"href":"https:\/\/pcrypt.com\/web\/da\/wp-json\/wp\/v2\/pages\/1764","targetHints":{"allow":["GET"]}}],"collection":[{"href":"https:\/\/pcrypt.com\/web\/da\/wp-json\/wp\/v2\/pages"}],"about":[{"href":"https:\/\/pcrypt.com\/web\/da\/wp-json\/wp\/v2\/types\/page"}],"author":[{"embeddable":true,"href":"https:\/\/pcrypt.com\/web\/da\/wp-json\/wp\/v2\/users\/2"}],"replies":[{"embeddable":true,"href":"https:\/\/pcrypt.com\/web\/da\/wp-json\/wp\/v2\/comments?post=1764"}],"version-history":[{"count":6,"href":"https:\/\/pcrypt.com\/web\/da\/wp-json\/wp\/v2\/pages\/1764\/revisions"}],"predecessor-version":[{"id":3527,"href":"https:\/\/pcrypt.com\/web\/da\/wp-json\/wp\/v2\/pages\/1764\/revisions\/3527"}],"wp:attachment":[{"href":"https:\/\/pcrypt.com\/web\/da\/wp-json\/wp\/v2\/media?parent=1764"}],"curies":[{"name":"wp","href":"https:\/\/api.w.org\/{rel}","templated":true}]}}