{"id":1249,"date":"2017-11-28T00:23:30","date_gmt":"2017-11-28T00:23:30","guid":{"rendered":"https:\/\/pcrypt.com\/maximum-security\/"},"modified":"2021-06-21T11:44:38","modified_gmt":"2021-06-21T11:44:38","slug":"maximum-security","status":"publish","type":"page","link":"https:\/\/pcrypt.com\/web\/da\/maximum-security\/","title":{"rendered":"Maksimal sikkerhed"},"content":{"rendered":"<div class=\"wpb-content-wrapper\"><p>[vc_row css=&#8221;.vc_custom_1511370229686{padding-bottom: 20px !important;}&#8221;][vc_column width=&#8221;1\/2&#8243; css=&#8221;.vc_custom_1511370799554{margin-right: 0px !important;margin-left: 0px !important;}&#8221;][vc_single_image image=&#8221;1049&#8243; img_size=&#8221;full&#8221; alignment=&#8221;center&#8221; style=&#8221;vc_box_shadow&#8221; css_animation=&#8221;fadeInLeft&#8221; css=&#8221;.vc_custom_1508272352187{margin-right: 0px !important;margin-left: 0px !important;}&#8221;][\/vc_column][vc_column width=&#8221;1\/2&#8243; css=&#8221;.vc_custom_1511370807196{margin-right: 0px !important;margin-left: 0px !important;}&#8221;][vc_column_text]<\/p>\n<h3><span class=\"cf-orange\">Opn\u00e5 en st\u00f8rre sikkerhed<\/span><\/h3>\n<p>Vi har gjort vores yderste og efterlever industristandarder for at sikre at dine data ikke kan l\u00e6ses af andre. Du kan anvender lange og unikke adgangskoder alle steder med en\u00a0kodegenerator.\u00a0Din adgangskode til Password Crypt sendes aldrig ud over internettet, men anvendes kun p\u00e5 den enhed du sidder med.\u00a0Kryptering foretages med 256 bit standard AES eller ECC med Javascript p\u00e5 din lokale enhed.\u00a0Alexandra Instituttet p\u00e5 Aarhus Universitet har udf\u00f8rt 3-parts kode review efter OWASP retningslinierne.[\/vc_column_text][\/vc_column][\/vc_row]<\/p>\n<\/div>","protected":false},"excerpt":{"rendered":"<p>[vc_row css=&#8221;.vc_custom_1511370229686{padding-bottom: 20px !important;}&#8221;][vc_column width=&#8221;1\/2&#8243; css=&#8221;.vc_custom_1511370799554{margin-right: 0px !important;margin-left: 0px !important;}&#8221;][vc_single_image image=&#8221;1049&#8243; img_size=&#8221;full&#8221; alignment=&#8221;center&#8221; style=&#8221;vc_box_shadow&#8221; css_animation=&#8221;fadeInLeft&#8221; css=&#8221;.vc_custom_1508272352187{margin-right: 0px !important;margin-left: 0px !important;}&#8221;][\/vc_column][vc_column width=&#8221;1\/2&#8243; css=&#8221;.vc_custom_1511370807196{margin-right: 0px !important;margin-left: 0px !important;}&#8221;][vc_column_text] Opn\u00e5 en st\u00f8rre sikkerhed Vi har gjort vores yderste og efterlever industristandarder for at sikre at dine data ikke kan l\u00e6ses af andre. Du kan anvender lange og unikke&hellip;<\/p>\n","protected":false},"author":2,"featured_media":0,"parent":0,"menu_order":0,"comment_status":"closed","ping_status":"closed","template":"","meta":[],"class_list":["post-1249","page","type-page","status-publish","hentry","description-off"],"_links":{"self":[{"href":"https:\/\/pcrypt.com\/web\/da\/wp-json\/wp\/v2\/pages\/1249","targetHints":{"allow":["GET"]}}],"collection":[{"href":"https:\/\/pcrypt.com\/web\/da\/wp-json\/wp\/v2\/pages"}],"about":[{"href":"https:\/\/pcrypt.com\/web\/da\/wp-json\/wp\/v2\/types\/page"}],"author":[{"embeddable":true,"href":"https:\/\/pcrypt.com\/web\/da\/wp-json\/wp\/v2\/users\/2"}],"replies":[{"embeddable":true,"href":"https:\/\/pcrypt.com\/web\/da\/wp-json\/wp\/v2\/comments?post=1249"}],"version-history":[{"count":2,"href":"https:\/\/pcrypt.com\/web\/da\/wp-json\/wp\/v2\/pages\/1249\/revisions"}],"predecessor-version":[{"id":4635,"href":"https:\/\/pcrypt.com\/web\/da\/wp-json\/wp\/v2\/pages\/1249\/revisions\/4635"}],"wp:attachment":[{"href":"https:\/\/pcrypt.com\/web\/da\/wp-json\/wp\/v2\/media?parent=1249"}],"curies":[{"name":"wp","href":"https:\/\/api.w.org\/{rel}","templated":true}]}}