{"id":1001,"date":"2017-10-13T10:15:49","date_gmt":"2017-10-13T10:15:49","guid":{"rendered":"https:\/\/pcrypt.com\/?page_id=1001"},"modified":"2020-09-14T12:03:27","modified_gmt":"2020-09-14T12:03:27","slug":"features","status":"publish","type":"page","link":"https:\/\/pcrypt.com\/web\/da\/features\/","title":{"rendered":"Funktioner"},"content":{"rendered":"<div class=\"wpb-content-wrapper\"><p>[vc_row css=&#8221;.vc_custom_1501273119834{padding-top: 60px !important;padding-bottom: 60px !important;}&#8221;][vc_column][vc_column_text css_animation=&#8221;appear&#8221;]<\/p>\n<div class=\"cf-top-header\">\n<h1><span class=\"cf-orange\">Password Crypt<\/span> funktioner<\/h1>\n<p>&nbsp;<\/p>\n<p>Der findes utallige artikler og masser af anbefalinger fra eksperter om hvorfor det er s\u00e5 vigtigt at bruge en Password Manager. S\u00e5 lad os hellere fort\u00e6lle dig lidt om de smarte funktioner, du f\u00e5r gratis med Pcrypt.<\/p>\n<\/div>\n<p>[\/vc_column_text][vc_empty_space height=&#8221;50px&#8221;][\/vc_column][\/vc_row][vc_row css=&#8221;.vc_custom_1501281250803{padding-bottom: 70px !important;}&#8221;][vc_column width=&#8221;1\/2&#8243; css=&#8221;.vc_custom_1501280910674{margin-right: 0px !important;margin-left: 0px !important;}&#8221;][vc_single_image image=&#8221;652&#8243; img_size=&#8221;full&#8221; alignment=&#8221;center&#8221; style=&#8221;vc_box_shadow&#8221; css_animation=&#8221;fadeInLeft&#8221; css=&#8221;.vc_custom_1501280807292{margin-right: 0px !important;margin-left: 0px !important;}&#8221;][\/vc_column][vc_column width=&#8221;1\/2&#8243; css=&#8221;.vc_custom_1501280915939{margin-right: 0px !important;margin-left: 0px !important;}&#8221;][vc_column_text]<\/p>\n<h2><span class=\"cf-orange\">Det gyldne overblik<\/span><\/h2>\n<h3><span class=\"cf-orange\">Endelig kan du f\u00e5 overblik over alle dine logins og koder<\/span><\/h3>\n<p>Password Crypt giver dig overblikket over alle dine logins og koder, s\u00e5 du har dem \u00e9t sikkert sted samtidig med, at du har adgang til dem fra alle dine enheder. Det hele er s\u00e5 brugervenligt, at du med \u00e9t klik kan logge ind p\u00e5 hvilken som helst konto, uden at skulle huske de lange unikke koder, som vi hj\u00e6lper dig med at implementere.<br \/>\n<a class=\"cf-btn\" href=\"https:\/\/pcrypt.org\/?register\">Pr\u00f8v gratis<\/a>[\/vc_column_text][\/vc_column][\/vc_row][vc_row css=&#8221;.vc_custom_1501281250803{padding-bottom: 70px !important;}&#8221;][vc_column width=&#8221;1\/2&#8243; css=&#8221;.vc_custom_1501280910674{margin-right: 0px !important;margin-left: 0px !important;}&#8221;][vc_column_text]<\/p>\n<h2><span class=\"cf-orange\">Deling af adgangskoder og logins<br \/>\n<\/span><\/h2>\n<h3><span class=\"cf-orange\">Perfekt til sm\u00e5 teams<\/span><\/h3>\n<p>Du kender det alt for godt; man skal lige dele logins og koder p\u00e5 kryds og tv\u00e6rs. Nu kan du endelig g\u00f8re det let og enkelt, uden at bekymre dig om sikkerheden. Pcrypt teamfunktion giver dig mulighed for at holde overblikket over dem, du deler adgangskoder og logins med. Det kan v\u00e6re meget nyttigt, n\u00e5r en person forlader teamet, eller et nyt medlem kommer ind.<\/p>\n<p><a class=\"cf-btn\" href=\"https:\/\/pcrypt.org\/?register\">Pr\u00f8v gratis<\/a>[\/vc_column_text][\/vc_column][vc_column width=&#8221;1\/2&#8243; css=&#8221;.vc_custom_1501280915939{margin-right: 0px !important;margin-left: 0px !important;}&#8221;][vc_single_image image=&#8221;652&#8243; img_size=&#8221;full&#8221; alignment=&#8221;center&#8221; style=&#8221;vc_box_shadow&#8221; css_animation=&#8221;fadeInRight&#8221; css=&#8221;.vc_custom_1501281287399{margin-right: 0px !important;margin-left: 0px !important;}&#8221;][\/vc_column][\/vc_row][vc_row css=&#8221;.vc_custom_1501281250803{padding-bottom: 70px !important;}&#8221;][vc_column width=&#8221;1\/2&#8243; css=&#8221;.vc_custom_1501280910674{margin-right: 0px !important;margin-left: 0px !important;}&#8221;][vc_single_image image=&#8221;652&#8243; img_size=&#8221;full&#8221; alignment=&#8221;center&#8221; style=&#8221;vc_box_shadow&#8221; css_animation=&#8221;fadeInLeft&#8221; css=&#8221;.vc_custom_1501280807292{margin-right: 0px !important;margin-left: 0px !important;}&#8221;][\/vc_column][vc_column width=&#8221;1\/2&#8243; css=&#8221;.vc_custom_1501280915939{margin-right: 0px !important;margin-left: 0px !important;}&#8221;][vc_column_text]<\/p>\n<h2><span class=\"cf-orange\">Krypteret messenger<\/span><\/h2>\n<h3><span class=\"cf-orange\">Hurtige beskeder i et sikkert milj\u00f8<\/span><\/h3>\n<p>N\u00e5r du skal dele mere end logins og adgangskoder, s\u00e5 har du muligheden for at sende krypteret beskeder via Password Crypt beskedfunktion, hvor du kan sende alle de beskeder du vil til individuelle teammedlemmer eller hele teamet. Det er nyttigt, n\u00e5r der skal uddeles eller indsamles persondata fra nye teammedlemmer eller man vil h\u00e5ndtere kundernes persondata.<br \/>\n<a class=\"cf-btn\" href=\"https:\/\/pcrypt.org\/?register\">Pr\u00f8v gratis<\/a>[\/vc_column_text][\/vc_column][\/vc_row][vc_row css=&#8221;.vc_custom_1501281250803{padding-bottom: 70px !important;}&#8221;][vc_column width=&#8221;1\/2&#8243; css=&#8221;.vc_custom_1501280910674{margin-right: 0px !important;margin-left: 0px !important;}&#8221;][vc_column_text]<\/p>\n<h2><span class=\"cf-orange\">Smart filter\u00a0<\/span><\/h2>\n<h3><span class=\"cf-orange\">Filtrer dine logins efter geografisk position<\/span><\/h3>\n<h3><\/h3>\n<p>Smartfilteret giver dig en utrolig brugervenlig oplevelse. Udover de Tags du tildeler dine logins, for hurtigt at kunne finde dem igen, s\u00e5 kan du fx med \u00e9t klik f\u00e5 oversigten over alle de logins, du bruger p\u00e5 din arbejdsplads. Dvs. n\u00e5r du er hjemme kan du f\u00e5 overblikket over de logins, du altid har brug for derhjemme. K\u00f8rer du mellem forskellige lokationer, s\u00e5 er det perfekt med en oversigt og de logins, som kun er n\u00f8dvendige i det p\u00e5g\u00e6ldende omr\u00e5de.<br \/>\n<a class=\"cf-btn\" href=\"https:\/\/pcrypt.org\/?register\">Pr\u00f8v gratis<\/a>[\/vc_column_text][\/vc_column][vc_column width=&#8221;1\/2&#8243; css=&#8221;.vc_custom_1501280915939{margin-right: 0px !important;margin-left: 0px !important;}&#8221;][vc_single_image image=&#8221;652&#8243; img_size=&#8221;full&#8221; alignment=&#8221;center&#8221; style=&#8221;vc_box_shadow&#8221; css_animation=&#8221;fadeInRight&#8221; css=&#8221;.vc_custom_1501281287399{margin-right: 0px !important;margin-left: 0px !important;}&#8221;][\/vc_column][\/vc_row][vc_row css=&#8221;.vc_custom_1501281250803{padding-bottom: 70px !important;}&#8221;][vc_column width=&#8221;1\/2&#8243; css=&#8221;.vc_custom_1501280910674{margin-right: 0px !important;margin-left: 0px !important;}&#8221;][vc_single_image image=&#8221;652&#8243; img_size=&#8221;full&#8221; alignment=&#8221;center&#8221; style=&#8221;vc_box_shadow&#8221; css_animation=&#8221;fadeInLeft&#8221; css=&#8221;.vc_custom_1501280807292{margin-right: 0px !important;margin-left: 0px !important;}&#8221;][\/vc_column][vc_column width=&#8221;1\/2&#8243; css=&#8221;.vc_custom_1501280915939{margin-right: 0px !important;margin-left: 0px !important;}&#8221;][vc_column_text]<\/p>\n<h2><span class=\"cf-orange\">App og Browser udvidelser<\/span><\/h2>\n<h3><span class=\"cf-orange\">S\u00e5 har du altid Password Crypt lige ved h\u00e5nden<\/span><\/h3>\n<p>Det er nemt at komme i gang. Du f\u00e5r b\u00e5de adgang til Smartphone appen, samt browser udvidelsen. S\u00e5 kan du altid nemt tilf\u00f8je nye koder og logins til din Password Manager, efterh\u00e5nden som du logger ind p\u00e5 nye sites og systemer. Pr\u00f8v ogs\u00e5 den smarte kode generator, s\u00e5 du altid har unikke og sv\u00e6re koder til alle dine forskellige logins.<br \/>\n<a class=\"cf-btn\" href=\"https:\/\/pcrypt.org\/?register\">Pr\u00f8v gratis<\/a>[\/vc_column_text][\/vc_column][\/vc_row]<\/p>\n<\/div>","protected":false},"excerpt":{"rendered":"<p>[vc_row css=&#8221;.vc_custom_1501273119834{padding-top: 60px !important;padding-bottom: 60px !important;}&#8221;][vc_column][vc_column_text css_animation=&#8221;appear&#8221;] Password Crypt funktioner &nbsp; Der findes utallige artikler og masser af anbefalinger fra eksperter om hvorfor det er s\u00e5 vigtigt at bruge en Password Manager. S\u00e5 lad os hellere fort\u00e6lle dig lidt om de smarte funktioner, du f\u00e5r gratis med Pcrypt. [\/vc_column_text][vc_empty_space height=&#8221;50px&#8221;][\/vc_column][\/vc_row][vc_row css=&#8221;.vc_custom_1501281250803{padding-bottom: 70px !important;}&#8221;][vc_column width=&#8221;1\/2&#8243; css=&#8221;.vc_custom_1501280910674{margin-right:&hellip;<\/p>\n","protected":false},"author":4,"featured_media":0,"parent":0,"menu_order":0,"comment_status":"closed","ping_status":"closed","template":"","meta":[],"class_list":["post-1001","page","type-page","status-publish","hentry","description-off"],"_links":{"self":[{"href":"https:\/\/pcrypt.com\/web\/da\/wp-json\/wp\/v2\/pages\/1001","targetHints":{"allow":["GET"]}}],"collection":[{"href":"https:\/\/pcrypt.com\/web\/da\/wp-json\/wp\/v2\/pages"}],"about":[{"href":"https:\/\/pcrypt.com\/web\/da\/wp-json\/wp\/v2\/types\/page"}],"author":[{"embeddable":true,"href":"https:\/\/pcrypt.com\/web\/da\/wp-json\/wp\/v2\/users\/4"}],"replies":[{"embeddable":true,"href":"https:\/\/pcrypt.com\/web\/da\/wp-json\/wp\/v2\/comments?post=1001"}],"version-history":[{"count":9,"href":"https:\/\/pcrypt.com\/web\/da\/wp-json\/wp\/v2\/pages\/1001\/revisions"}],"predecessor-version":[{"id":3593,"href":"https:\/\/pcrypt.com\/web\/da\/wp-json\/wp\/v2\/pages\/1001\/revisions\/3593"}],"wp:attachment":[{"href":"https:\/\/pcrypt.com\/web\/da\/wp-json\/wp\/v2\/media?parent=1001"}],"curies":[{"name":"wp","href":"https:\/\/api.w.org\/{rel}","templated":true}]}}